{"id":1657,"date":"2014-06-04T14:24:00","date_gmt":"2014-06-04T14:24:00","guid":{"rendered":"http:\/\/www.derkano.com\/?page_id=1657"},"modified":"2020-05-12T08:06:13","modified_gmt":"2020-05-12T08:06:13","slug":"kontakt","status":"publish","type":"page","link":"https:\/\/www.derkano.com\/?page_id=1657","title":{"rendered":"Kontakt"},"content":{"rendered":"<p><a href=\"http:\/\/www.derkano.com\/wp-content\/uploads\/2016\/04\/DSC_3995-2.jpg\"><img loading=\"lazy\" class=\"size-medium wp-image-1898 alignnone\" src=\"http:\/\/www.derkano.com\/wp-content\/uploads\/2016\/04\/DSC_3995-2-300x216.jpg\" alt=\"13 : 18 Querformat\" width=\"300\" height=\"216\" srcset=\"https:\/\/www.derkano.com\/wp-content\/uploads\/2016\/04\/DSC_3995-2-300x216.jpg 300w, https:\/\/www.derkano.com\/wp-content\/uploads\/2016\/04\/DSC_3995-2-1024x740.jpg 1024w, https:\/\/www.derkano.com\/wp-content\/uploads\/2016\/04\/DSC_3995-2-624x450.jpg 624w\" sizes=\"(max-width: 300px) 100vw, 300px\" \/><\/a><\/p>\n<p>Michael &#8222;Der Kano&#8220; Kanofsky ist Mitarbeiter\/Dienstleistungspartner f\u00fcr kurz-, mittel- und langfristige Projekte, flexible Vor-Ort-Pr\u00e4senz im gesamten deutschsprachigen Raum, auch interim und Urlaubsvertretung.<\/p>\n<p>Kamminerstra\u00dfe 11, 10589 Berlin, 0049 \/ 175 \/ 5190804, <a href=\"mailto:derkano@aon.at\">mail@derkano.com<\/a><\/p>\n<p>Ich\u00a0 arbeite seit vielen Jahren als Texter, Konzeptioner und Creative Director in den Bereichen Marketing- und Unternehmenskommunikation. Umfassende Leistungen in den Bereichen Strategie, Konzeption, Text, Creative Direction. Schwerpunkte: Unternehmenskommunikation, Markenkommunikation und \u00d6ffentlichkeitsarbeit, Innovation, Technologie, Employer Branding, schwer erkl\u00e4rbare Produkte und Themen, Standortmarketing. Beispiele meiner Arbeit pr\u00e4sentiere ich Ihnen gern in einem pers\u00f6nlichen Gespr\u00e4ch.<\/p>\n","protected":false},"excerpt":{"rendered":"<p>Michael &#8222;Der Kano&#8220; Kanofsky ist Mitarbeiter\/Dienstleistungspartner f\u00fcr kurz-, mittel- und langfristige Projekte, flexible Vor-Ort-Pr\u00e4senz im gesamten deutschsprachigen Raum, auch interim und Urlaubsvertretung. Kamminerstra\u00dfe 11, 10589 Berlin, 0049 \/ 175 \/ 5190804, mail@derkano.com Ich\u00a0 arbeite seit vielen Jahren als Texter, Konzeptioner und Creative Director in den Bereichen Marketing- und Unternehmenskommunikation. Umfassende Leistungen in den Bereichen Strategie, [&hellip;]<\/p>\n","protected":false},"author":1,"featured_media":0,"parent":0,"menu_order":4,"comment_status":"open","ping_status":"open","template":"","meta":[],"_links":{"self":[{"href":"https:\/\/www.derkano.com\/index.php?rest_route=\/wp\/v2\/pages\/1657"}],"collection":[{"href":"https:\/\/www.derkano.com\/index.php?rest_route=\/wp\/v2\/pages"}],"about":[{"href":"https:\/\/www.derkano.com\/index.php?rest_route=\/wp\/v2\/types\/page"}],"author":[{"embeddable":true,"href":"https:\/\/www.derkano.com\/index.php?rest_route=\/wp\/v2\/users\/1"}],"replies":[{"embeddable":true,"href":"https:\/\/www.derkano.com\/index.php?rest_route=%2Fwp%2Fv2%2Fcomments&post=1657"}],"version-history":[{"count":16,"href":"https:\/\/www.derkano.com\/index.php?rest_route=\/wp\/v2\/pages\/1657\/revisions"}],"predecessor-version":[{"id":2007,"href":"https:\/\/www.derkano.com\/index.php?rest_route=\/wp\/v2\/pages\/1657\/revisions\/2007"}],"wp:attachment":[{"href":"https:\/\/www.derkano.com\/index.php?rest_route=%2Fwp%2Fv2%2Fmedia&parent=1657"}],"curies":[{"name":"wp","href":"https:\/\/api.w.org\/{rel}","templated":true}]}}