{"id":127,"date":"2011-02-16T13:42:35","date_gmt":"2011-02-16T13:42:35","guid":{"rendered":"http:\/\/www.derkano.com\/?page_id=127"},"modified":"2025-08-13T11:41:00","modified_gmt":"2025-08-13T11:41:00","slug":"meine-arbeiten-und-projekte","status":"publish","type":"page","link":"https:\/\/www.derkano.com\/?page_id=127","title":{"rendered":"Referenzen"},"content":{"rendered":"<p>Direkte Auftraggeber und Werbeagenturen (fest und frei, \u00e4ltere und aktuelle):<\/p>\n<p>Werbeagenturen: Herrwerth &amp; Partner M\u00fcnchen, Ogilvy &amp; Mather Wien, GGK Wien, Lowe GGK Wien,\u00a0 Publicis Group Austria, JNB McCANN Healthcare Wiesbaden.<\/p>\n<p>Technologie: Siemens CEE,\u00a0 Siemens Forum Wien, Kapsch Group, Ericsson, CANCOM Austria.<\/p>\n<p>Employer Branding: Siemens Personaldienstleistungen GmbH, Kapsch Group.<\/p>\n<p>Standortmarketing: Deutschland \u2013 Land der Ideen, Siemens City Wien,\u00a0VIENNA DC Donaucity.<\/p>\n<p>Healthcare: ANZAG, Novartis, Beiersdorf.<\/p>\n<p>Au\u00dferdem: Museum f\u00fcr Angewandte Kunst MAK Wien, Austrian Airlines, SevenOne Media Austria, DHL, Gesellschaft der Freunde von Ephesos, INNOVEST, Galerie Ernst Hilger Wien, Zentis, Penny M\u00e4rkte, Opel Austria, Richter Kinderschuhe, Berliner H\u00f6rspielfestival e.V. .<\/p>\n<p>Klassiker: Hypo-Bank, Brauerei Kurf\u00fcrsten, Brauerei Rolinck, BI-Fashion, K\u00e4serei Bergader, Raiffeisenbank \u00d6sterreich, Shopping City S\u00fcd, Stadt St. P\u00f6lten, Neusiedler Papier, R\u00f6merquelle, Brieflos, Austrian Industries, Bank Austria, Tetra Pak, Tele TV Magazin, Kurier (Tageszeitung), \u00d6sterreichische Beton- und Zementvereinigung, Don Gil Fashion.<\/p>\n","protected":false},"excerpt":{"rendered":"<p>Direkte Auftraggeber und Werbeagenturen (fest und frei, \u00e4ltere und aktuelle): Werbeagenturen: Herrwerth &amp; Partner M\u00fcnchen, Ogilvy &amp; Mather Wien, GGK Wien, Lowe GGK Wien,\u00a0 Publicis Group Austria, JNB McCANN Healthcare Wiesbaden. Technologie: Siemens CEE,\u00a0 Siemens Forum Wien, Kapsch Group, Ericsson, CANCOM Austria. Employer Branding: Siemens Personaldienstleistungen GmbH, Kapsch Group. Standortmarketing: Deutschland \u2013 Land der Ideen, [&hellip;]<\/p>\n","protected":false},"author":1,"featured_media":0,"parent":0,"menu_order":3,"comment_status":"open","ping_status":"open","template":"","meta":[],"_links":{"self":[{"href":"https:\/\/www.derkano.com\/index.php?rest_route=\/wp\/v2\/pages\/127"}],"collection":[{"href":"https:\/\/www.derkano.com\/index.php?rest_route=\/wp\/v2\/pages"}],"about":[{"href":"https:\/\/www.derkano.com\/index.php?rest_route=\/wp\/v2\/types\/page"}],"author":[{"embeddable":true,"href":"https:\/\/www.derkano.com\/index.php?rest_route=\/wp\/v2\/users\/1"}],"replies":[{"embeddable":true,"href":"https:\/\/www.derkano.com\/index.php?rest_route=%2Fwp%2Fv2%2Fcomments&post=127"}],"version-history":[{"count":32,"href":"https:\/\/www.derkano.com\/index.php?rest_route=\/wp\/v2\/pages\/127\/revisions"}],"predecessor-version":[{"id":2032,"href":"https:\/\/www.derkano.com\/index.php?rest_route=\/wp\/v2\/pages\/127\/revisions\/2032"}],"wp:attachment":[{"href":"https:\/\/www.derkano.com\/index.php?rest_route=%2Fwp%2Fv2%2Fmedia&parent=127"}],"curies":[{"name":"wp","href":"https:\/\/api.w.org\/{rel}","templated":true}]}}